{"id":467,"date":"2016-09-23T08:07:39","date_gmt":"2016-09-23T08:07:39","guid":{"rendered":"https:\/\/betoonelement.ee\/company-profile\/"},"modified":"2023-01-12T17:09:12","modified_gmt":"2023-01-12T15:09:12","slug":"ettevottest-e-betoonelement","status":"publish","type":"page","link":"https:\/\/betoonelement.ee\/ru\/ettevottest-e-betoonelement\/","title":{"rendered":"o \u043a\u043e\u043c\u043f\u0430\u043d\u0438\u0438"},"content":{"rendered":"<p><strong>E-Betoonelement O\u00dc \u00e4riidee on&nbsp;<\/strong>&nbsp;pakkuda ehitiste omanikele ja ehitusettev\u00f5tjatele raudbetoonist toodetel p\u00f5hinevaid optimaalseid, kvaliteetseid ning paindlikke ehituslahendusi ja nendega seotud teenuseid. Tegutseme peamiselt Eestis.<\/p>\n\n\n\n<p>\u041d\u0430\u0448\u0438 \u0441\u0442\u0440\u043e\u0438\u0442\u0435\u043b\u044c\u043d\u044b\u0435 \u0440\u0435\u0448\u0435\u043d\u0438\u044f \u0441\u043e\u0441\u0442\u043e\u044f\u0442 \u0438\u0437 \u043f\u0440\u043e\u0435\u043a\u0442\u0438\u0440\u0443\u0435\u043c\u044b\u0445 \u0438 \u043c\u043e\u043d\u0442\u0438\u0440\u0443\u0435\u043c\u044b\u0445 \u044d\u043b\u0435\u043c\u0435\u043d\u0442\u043e\u0432 \u043a\u0430\u0440\u043a\u0430\u0441\u0430, \u043b\u0435\u0441\u0442\u043d\u0438\u0446, \u0444\u0430\u0441\u0430\u0434\u043e\u0432 \u0438 \u044d\u043b\u0435\u043c\u0435\u043d\u0442\u043e\u0432 \u043f\u0435\u0440\u0435\u043a\u0440\u044b\u0442\u0438\u0439. \u0420\u0435\u0441\u0443\u0440\u0441\u044b \u043a\u043e\u043c\u043f\u0430\u043d\u0438\u0438 E-Betoonelement, \u043d\u0435\u043e\u0431\u0445\u043e\u0434\u0438\u043c\u044b\u0435 \u0434\u043b\u044f \u0440\u0435\u0430\u043b\u0438\u0437\u0430\u0446\u0438\u0438 \u0441\u0442\u0440\u043e\u0438\u0442\u0435\u043b\u044c\u043d\u044b\u0445 \u0440\u0435\u0448\u0435\u043d\u0438\u0439, \u0432\u043a\u043b\u044e\u0447\u0430\u044e\u0442 \u0432 \u0441\u0435\u0431\u044f \u0443\u043f\u0440\u0430\u0432\u043b\u0435\u043d\u0438\u0435 \u043f\u0440\u043e\u0435\u043a\u0442\u0430\u043c\u0438, \u0442\u0435\u0445\u043d\u0438\u0447\u0435\u0441\u043a\u043e\u0435 \u043f\u0440\u043e\u0435\u043a\u0442\u0438\u0440\u043e\u0432\u0430\u043d\u0438\u0435, \u043f\u0440\u043e\u0438\u0437\u0432\u043e\u0434\u0441\u0442\u0432\u043e \u0436\u0435\u043b\u0435\u0437\u043e\u0431\u0435\u0442\u043e\u043d\u043d\u044b\u0445 \u044d\u043b\u0435\u043c\u0435\u043d\u0442\u043e\u0432 \u0438 \u0438\u0445 \u043c\u043e\u043d\u0442\u0430\u0436 \u043d\u0430 \u0441\u0442\u0440\u043e\u0438\u0442\u0435\u043b\u044c\u043d\u043e\u0439 \u043f\u043b\u043e\u0449\u0430\u0434\u043a\u0435.<\/p>\n\n\n\n<p>\u041d\u0430\u0448\u0430 \u0446\u0435\u043b\u044c \u2013 \u043e\u043f\u0440\u0430\u0432\u0434\u0430\u0442\u044c \u0432\u044b\u0441\u043e\u043a\u0438\u0435 \u043e\u0436\u0438\u0434\u0430\u043d\u0438\u044f \u043d\u0430\u0448\u0438\u0445 \u043a\u043b\u0438\u0435\u043d\u0442\u043e\u0432 \u0432 \u043e\u0442\u043d\u043e\u0448\u0435\u043d\u0438\u0438 \u0434\u043e\u043b\u0433\u043e\u0441\u0440\u043e\u0447\u043d\u043e\u0439 \u044d\u043a\u043e\u043d\u043e\u043c\u0438\u0438, \u0441\u0436\u0430\u0442\u044b\u0445 \u0441\u0442\u0440\u043e\u0438\u0442\u0435\u043b\u044c\u043d\u044b\u0445 \u0441\u0440\u043e\u043a\u043e\u0432 \u0438 \u043a\u0430\u0447\u0435\u0441\u0442\u0432\u0435\u043d\u043d\u044b\u0445 \u0430\u0440\u0445\u0438\u0442\u0435\u043a\u0442\u0443\u0440\u043d\u044b\u0445 \u0440\u0435\u0448\u0435\u043d\u0438\u0439.<\/p>\n\n\n\n<p class=\"translation-block\">\u041a\u043e\u043c\u043f\u0430\u043d\u0438\u044f E-Betoonelement \u0432\u0445\u043e\u0434\u0438\u0442 \u0432 \u043c\u0435\u0436\u0434\u0443\u043d\u0430\u0440\u043e\u0434\u043d\u044b\u0439 \u043a\u043e\u043d\u0446\u0435\u0440\u043d Consolis SAS, \u043e\u0431\u044a\u0435\u0434\u0438\u043d\u044f\u044e\u0449\u0438\u0439 \u0432\u0435\u0434\u0443\u0449\u0438\u0445 \u0435\u0432\u0440\u043e\u043f\u0435\u0439\u0441\u043a\u0438\u0445 \u043f\u0440\u043e\u0438\u0437\u0432\u043e\u0434\u0438\u0442\u0435\u043b\u0435\u0439 \u0441\u0442\u0440\u043e\u0438\u0442\u0435\u043b\u044c\u043d\u044b\u0445 \u0436\/\u0431 \u044d\u043b\u0435\u043c\u0435\u043d\u0442\u043e\u0432. \u0412\u043e\u0437\u043c\u043e\u0436\u043d\u043e\u0441\u0442\u044c \u043f\u0440\u0438\u043e\u0431\u0449\u0438\u0442\u044c\u0441\u044f \u043a \u0431\u043e\u0433\u0430\u0442\u043e\u043c\u0443 \u043e\u043f\u044b\u0442\u0443 \u043d\u0430\u0448\u0438\u0445 \u0435\u0432\u0440\u043e\u043f\u0435\u0439\u0441\u043a\u0438\u0445 \u043a\u043e\u043b\u043b\u0435\u0433 \u0432 \u043e\u0431\u043b\u0430\u0441\u0442\u0438 \u0441\u0442\u0440\u043e\u0438\u0442\u0435\u043b\u044c\u043d\u043e\u0439 \u043f\u0440\u0430\u043a\u0442\u0438\u043a\u0438 \u043f\u043e\u0437\u0432\u043e\u043b\u044f\u0435\u0442 \u043d\u0430\u043c \u043f\u043e\u0441\u0442\u0430\u0432\u043b\u044f\u0442\u044c \u043d\u0430 \u0441\u0442\u0440\u043e\u0438\u0442\u0435\u043b\u044c\u043d\u044b\u0439 \u0440\u044b\u043d\u043e\u043a \u042d\u0441\u0442\u043e\u043d\u0438\u0438 \u0441\u043e\u0432\u0440\u0435\u043c\u0435\u043d\u043d\u044b\u0435 \u0438 \u0438\u043d\u043d\u043e\u0432\u0430\u0446\u0438\u043e\u043d\u043d\u044b\u0435 \u0440\u0435\u0448\u0435\u043d\u0438\u044f, \u0430 \u0442\u0430\u043a\u0436\u0435 \u0438\u0441\u043f\u043e\u043b\u044c\u0437\u043e\u0432\u0430\u0442\u044c \u0441\u0438\u043d\u0435\u0440\u0433\u0438\u044e, \u0441\u043e\u0437\u0434\u0430\u0432\u0430\u0435\u043c\u0443\u044e \u0432 \u0445\u043e\u0434\u0435 \u0441\u043e\u0432\u043c\u0435\u0441\u0442\u043d\u043e\u0439 \u0440\u0430\u0431\u043e\u0442\u044b \u0431\u043e\u043b\u0435\u0435 \u0441\u0442\u0430 \u043f\u0440\u043e\u0438\u0437\u0432\u043e\u0434\u0438\u0442\u0435\u043b\u0435\u0439. Consolis \u0441\u0442\u0430\u0432\u0438\u0442 \u0441\u0432\u043e\u0435\u0439 \u0446\u0435\u043b\u044c\u044e \u043f\u0440\u0435\u043e\u0431\u0440\u0430\u0437\u043e\u0432\u0430\u043d\u0438\u0435 \u044d\u043b\u0435\u043c\u0435\u043d\u0442\u043d\u043e\u0433\u043e \u0441\u0442\u0440\u043e\u0438\u0442\u0435\u043b\u044c\u0441\u0442\u0432\u0430 \u0432 \u0448\u0438\u0440\u043e\u043a\u043e \u0438\u0437\u0432\u0435\u0441\u0442\u043d\u044b\u0439 \u0432\u044b\u0441\u043e\u043a\u043e\u0442\u0435\u0445\u043d\u043e\u043b\u043e\u0433\u0438\u0447\u043d\u044b\u0439 \u0441\u043f\u043e\u0441\u043e\u0431 \u0438\u043d\u0434\u0443\u0441\u0442\u0440\u0438\u0430\u043b\u044c\u043d\u043e\u0433\u043e \u0441\u0442\u0440\u043e\u0438\u0442\u0435\u043b\u044c\u0441\u0442\u0432\u0430, \u0438\u0441\u043f\u043e\u043b\u044c\u0437\u0443\u044e\u0449\u0438\u0439 \u043f\u0440\u0435\u0438\u043c\u0443\u0449\u0435\u0441\u0442\u0432\u0430 \u0441\u043e\u0432\u0440\u0435\u043c\u0435\u043d\u043d\u043e\u0433\u043e \u0436\u0435\u043b\u0435\u0437\u043e\u0431\u0435\u0442\u043e\u043d\u043d\u043e\u0433\u043e \u0438 \u0437\u0430\u0432\u043e\u0434\u0441\u043a\u043e\u0433\u043e \u043f\u0440\u043e\u0438\u0437\u0432\u043e\u0434\u0441\u0442\u0432\u0430 \u0441 \u0446\u0435\u043b\u044c\u044e \u043e\u0431\u0435\u0441\u043f\u0435\u0447\u0435\u043d\u0438\u044f \u043a\u043b\u0438\u0435\u043d\u0442\u043e\u043e\u0440\u0438\u0435\u043d\u0442\u0438\u0440\u043e\u0432\u0430\u043d\u043d\u044b\u0445 \u0438 \u0433\u0438\u0431\u043a\u0438\u0445 \u0441\u0442\u0440\u043e\u0438\u0442\u0435\u043b\u044c\u043d\u044b\u0445 \u0440\u0435\u0448\u0435\u043d\u0438\u0439.<\/p>\n\n\n\n<figure class=\"wp-block-embed is-type-video is-provider-youtube wp-block-embed-youtube wp-embed-aspect-16-9 wp-has-aspect-ratio\"><div class=\"wp-block-embed__wrapper\">\n<iframe loading=\"lazy\" title=\"E-Betoonelement - j\u00e4tkusuutlikuma tuleviku nimel\" width=\"500\" height=\"281\" src=\"https:\/\/www.youtube.com\/embed\/15OJlty9hNk?start=1&feature=oembed\" frameborder=\"0\" allow=\"accelerometer; autoplay; clipboard-write; encrypted-media; gyroscope; picture-in-picture; web-share\" referrerpolicy=\"strict-origin-when-cross-origin\" allowfullscreen><\/iframe>\n<\/div><\/figure>\n\n\n\n<p><\/p>\n\n\n\n<p><strong>\u041e\u043f\u0435\u0440\u0430\u0446\u0438\u043e\u043d\u043d\u0430\u044f \u043f\u043e\u043b\u0438\u0442\u0438\u043a\u0430 \u043f\u0440\u0435\u0434\u043f\u0440\u0438\u044f\u0442\u0438\u044f<\/strong><\/p>\n\n\n\n<p>\u041e\u0441\u043d\u043e\u0432\u043d\u043e\u0439 \u0446\u0435\u043b\u044c\u044e E-Betoonelement \u044f\u0432\u043b\u044f\u0435\u0442\u0441\u044f \u043e\u0431\u0435\u0441\u043f\u0435\u0447\u0435\u043d\u0438\u0435 \u043f\u043e\u0441\u0442\u043e\u044f\u043d\u043d\u043e\u0439 \u0443\u0434\u043e\u0432\u043b\u0435\u0442\u0432\u043e\u0440\u0435\u043d\u043d\u043e\u0441\u0442\u0438 \u043a\u043b\u0438\u0435\u043d\u0442\u043e\u0432 \u0438 \u0437\u0430\u0432\u043e\u0435\u0432\u0430\u043d\u0438\u0435 \u0438\u0445 \u0434\u043e\u0432\u0435\u0440\u0438\u044f \u0432 \u043e\u0431\u043b\u0430\u0441\u0442\u0438 \u043f\u0440\u043e\u0438\u0437\u0432\u043e\u0434\u0441\u0442\u0432\u0430 \u0441\u0442\u0440\u043e\u0438\u0442\u0435\u043b\u044c\u043d\u044b\u0445 \u043c\u0430\u0442\u0435\u0440\u0438\u0430\u043b\u043e\u0432, \u0430 \u0442\u0430\u043a\u0436\u0435 \u0443\u0432\u0435\u043b\u0438\u0447\u0435\u043d\u0438\u0435 \u0434\u043e\u0445\u043e\u0434\u043e\u0432 \u043a\u043b\u0438\u0435\u043d\u0442\u043e\u0432 \u0437\u0430 \u0441\u0447\u0435\u0442 \u044d\u0444\u0444\u0435\u043a\u0442\u0438\u0432\u043d\u043e\u0439 \u0440\u0430\u0431\u043e\u0442\u044b \u043f\u0435\u0440\u0441\u043e\u043d\u0430\u043b\u0430.<br>\u0426\u0435\u043b\u044c\u044e \u043a\u043e\u043c\u043f\u0430\u043d\u0438\u0438 E-Betoonelement \u0432 \u043e\u0431\u043b\u0430\u0441\u0442\u0438 \u043e\u043a\u0440\u0443\u0436\u0430\u044e\u0449\u0435\u0439 \u0441\u0440\u0435\u0434\u044b \u044f\u0432\u043b\u044f\u0435\u0442\u0441\u044f \u043f\u0440\u043e\u0438\u0437\u0432\u043e\u0434\u0441\u0442\u0432\u043e \u0438 \u0441\u0431\u044b\u0442 \u0441\u0442\u0440\u043e\u0438\u0442\u0435\u043b\u044c\u043d\u044b\u0445 \u043c\u0430\u0442\u0435\u0440\u0438\u0430\u043b\u043e\u0432 \u044d\u0444\u0444\u0435\u043a\u0442\u0438\u0432\u043d\u044b\u043c \u043e\u0431\u0440\u0430\u0437\u043e\u043c, \u043c\u0430\u043a\u0441\u0438\u043c\u0430\u043b\u044c\u043d\u043e \u0431\u0435\u0437\u0432\u0440\u0435\u0434\u043d\u044b\u043c \u0434\u043b\u044f \u043e\u043a\u0440\u0443\u0436\u0430\u044e\u0449\u0435\u0439 \u0441\u0440\u0435\u0434\u044b \u0438 \u0433\u0430\u0440\u0430\u043d\u0442\u0438\u0440\u0443\u044e\u0449\u0438\u043c \u0441\u043e\u0445\u0440\u0430\u043d\u0435\u043d\u0438\u0435 \u044d\u043a\u043e\u043b\u043e\u0433\u0438\u0447\u0435\u0441\u043a\u0438\u0445 \u0446\u0435\u043d\u043d\u043e\u0441\u0442\u0435\u0439.<\/p>\n\n\n\n<p>Standardite&nbsp;<a href=\"https:\/\/betoonelement.ee\/wp-content\/uploads\/2021\/01\/ISO-sertifikaat-2020-rus.pdf\" target=\"_blank\" rel=\"noreferrer noopener\">ISO 9001<\/a>&nbsp;\u0438&nbsp;<a href=\"https:\/\/betoonelement.ee\/wp-content\/uploads\/2021\/01\/ISO-sertifikaat-2020-rus.pdf\" target=\"_blank\" rel=\"noreferrer noopener\">14001<\/a>&nbsp;alusel on loodud ettev\u00f5tte tegevuss\u00fcsteem ning organisatsiooni igale tasemele on m\u00e4\u00e4ratud sellealased kohustused ja \u00f5igused. Kvaliteedi, keskkonna ja t\u00f6\u00f6keskkonna fookuses hoidmine on kesksel kohal ettev\u00f5tte \u00e4ritegevuses. <a href=\"https:\/\/betoonelement.ee\/ru\/%d0%b2%d0%b8%d0%b4%d0%b5%d0%be-%d0%b1%d0%b5%d0%b7%d0%be%d0%bf%d0%b0%d1%81%d0%bd%d0%be%d1%81%d1%82%d0%b8\/\" target=\"_blank\" data-type=\"page\" data-id=\"13486\" rel=\"noreferrer noopener\">Vaata ohutusvideoid<\/a> territooriumil ohutuks liikumiseks.<\/p>\n\n\n\n<p>\u0421\u0435\u0440\u0442\u0438\u0444\u0438\u043a\u0430\u0442\u044b \u043c\u043e\u0436\u043d\u043e \u043f\u043e\u0441\u043c\u043e\u0442\u0440\u0435\u0442\u044c&nbsp;<a href=\"https:\/\/betoonelement.ee\/ru\/sertifikaadid\/\" target=\"_blank\" data-type=\"page\" data-id=\"17508\" rel=\"noreferrer noopener\">\u0437\u0434\u0435\u0441\u044c<\/a>.<\/p>\n\n\n\n<figure class=\"wp-block-image\"><img decoding=\"async\" src=\"https:\/\/betoonelement.ee\/wp-content\/uploads\/2022\/03\/ISO9001ISO14001-with-UKAS_2014.jpg\" alt=\"\" class=\"wp-image-16182\"\/><\/figure>\n\n\n\n<p><\/p>\n\n\n\n<p><strong>E-Betoonelement:<\/strong><br>\u2013 kohustub j\u00e4rgima k\u00f5iki tegevusega seotud seadusi, normdokumente, m\u00e4\u00e4rusi, juhendeid ja muid n\u00f5udeid;<br>\u2013 koost\u00f6\u00f6s klientide ja partneritega arendab ja rakendab ellu tooteid ja teenuseid, milles p\u00f6\u00f6ratakse erilist t\u00e4helepanu kvaliteedile, keskkonnaefektiivsusele, eluts\u00fckli toimivusele ja turvalisusele.<br>\u0418\u0437\u043c\u0435\u0440\u0438\u0442\u0435\u043b\u044f\u043c\u0438 \u044f\u0432\u043b\u044f\u044e\u0442\u0441\u044f:<br>\u2013 kvaliteedialase tegevuse osas: klientide rahulolu, kulutused kvaliteedile ja parendustegevusele;<br>\u2013 keskkonnalase tegevuse osas: keskkonnakoormus, toodete keskkonnas\u00e4\u00e4stlikkus ja eluts\u00fckli pikaealisus;<br>\u2013 t\u00f6\u00f6keskkonna osas: \u00f5nnetused ja haiguste t\u00f5ttu puudumised.<br>\u2013 kohustub j\u00e4rgima j\u00e4tkuva parendamise p\u00f5him\u00f5tteid, kus:<br>\u2013 siseseauditid, juhtkonna \u00fclevaatused ja v\u00e4lised kontrollid on juhtimise oluline t\u00f6\u00f6vahend;<br>\u2013 koolitatakse t\u00f6\u00f6tajaid v\u00e4\u00e4rtustama t\u00f6\u00f6 kvaliteedi-, keskkonna- ja t\u00f6\u00f6keskkonna n\u00f5udeid ning vastutama oma t\u00f6\u00f6s nende n\u00f5uete t\u00e4itmise eest;<br>\u2013 hoiab avatud infovahetust ja usaldavaid suhteid t\u00f6\u00f6tajate, klientide, tarnijate, elanike ning muude sidusr\u00fchmadega;<br>\u2013 hoolitseb selle eest, et tarnijad ja allhankijad teaksid E-Betoonelemendi tegevuspoliitika n\u00f5udmisi.<\/p>\n\n\n\n<p><\/p>","protected":false},"excerpt":{"rendered":"<p>E-Betoonelement O\u00dc \u00e4riidee on&nbsp;&nbsp;pakkuda ehitiste omanikele ja ehitusettev\u00f5tjatele raudbetoonist toodetel p\u00f5hinevaid optimaalseid, kvaliteetseid ning paindlikke ehituslahendusi ja nendega seotud teenuseid. Tegutseme peamiselt Eestis. Meie ehituslahendused koosnevad projekteeritud ja paigaldatud karkassielementidest, treppidest, fassaadidest ja katuseelementidest. E-Betoonelemendi ressursid selle teostamiseks sisaldavad projektijuhtimist, tehnilist projekteerimist, betoonelementide tootmist ja paigaldust ehitusplatsil. Meie eesm\u00e4rgiks on klientide k\u00f5rgendatud ootuste t\u00e4itmine ehitiste [&hellip;]<\/p>","protected":false},"author":8,"featured_media":9368,"parent":0,"menu_order":0,"comment_status":"closed","ping_status":"closed","template":"","meta":{"_acf_changed":false,"pgc_sgb_lightbox_settings":"","footnotes":""},"class_list":["post-467","page","type-page","status-publish","has-post-thumbnail","hentry"],"acf":[],"rankMath":{"parentDomain":"betoonelement.ee","noFollowDomains":[],"noFollowExcludeDomains":[],"noFollowExternalLinks":false,"featuredImageNotice":"\u041f\u043e\u043a\u0430\u0437\u0430\u043d\u043d\u043e\u0435 \u0438\u0437\u043e\u0431\u0440\u0430\u0436\u0435\u043d\u0438\u0435 \u0434\u043e\u043b\u0436\u043d\u043e \u0431\u044b\u0442\u044c \u0440\u0430\u0437\u043c\u0435\u0440\u043e\u043c \u043d\u0435 \u043c\u0435\u043d\u0435\u0435 200 \u043d\u0430 200 \u043f\u0438\u043a\u0441\u0435\u043b\u0435\u0439, \u0447\u0442\u043e\u0431\u044b \u0435\u0433\u043e \u043c\u043e\u0433\u043b\u0438 \u0443\u0432\u0438\u0434\u0435\u0442\u044c Facebook \u0438 \u0434\u0440\u0443\u0433\u0438\u0435 \u0441\u0430\u0439\u0442\u044b \u0441\u043e\u0446\u0438\u0430\u043b\u044c\u043d\u044b\u0445 \u0441\u0435\u0442\u0435\u0439.","pluginReviewed":false,"postSettings":{"linkSuggestions":true,"useFocusKeyword":false},"frontEndScore":false,"postName":"ettevottest-e-betoonelement","permalinkFormat":"https:\/\/betoonelement.ee\/ru\/%pagename%\/","showLockModifiedDate":true,"assessor":{"focusKeywordLink":"https:\/\/betoonelement.ee\/wp-admin\/edit.php?focus_keyword=%focus_keyword%&post_type=%post_type%","hasTOCPlugin":false,"primaryTaxonomy":false,"serpData":{"title":"","description":"","focusKeywords":"","pillarContent":false,"canonicalUrl":"","breadcrumbTitle":"","advancedRobots":{"max-snippet":"-1","max-video-preview":"-1","max-image-preview":"large"},"facebookTitle":"","facebookDescription":"","facebookImage":"","facebookImageID":"","facebookHasOverlay":false,"facebookImageOverlay":"","facebookAuthor":"","twitterCardType":"","twitterUseFacebook":true,"twitterTitle":"","twitterDescription":"","twitterImage":"","twitterImageID":"","twitterHasOverlay":false,"twitterImageOverlay":"","twitterPlayerUrl":"","twitterPlayerSize":"","twitterPlayerStream":"","twitterPlayerStreamCtype":"","twitterAppDescription":"","twitterAppIphoneName":"","twitterAppIphoneID":"","twitterAppIphoneUrl":"","twitterAppIpadName":"","twitterAppIpadID":"","twitterAppIpadUrl":"","twitterAppGoogleplayName":"","twitterAppGoogleplayID":"","twitterAppGoogleplayUrl":"","twitterAppCountry":"","robots":{"index":true},"twitterAuthor":"\u0438\u043c\u044f \u043f\u043e\u043b\u044c\u0437\u043e\u0432\u0430\u0442\u0435\u043b\u044f","primaryTerm":0,"authorName":"Mari-Liis Tenno","titleTemplate":"%title% %page% %sep% %sitename%","descriptionTemplate":"%excerpt%","showScoreFrontend":true,"lockModifiedDate":false},"powerWords":[],"diacritics":{"A":"[\\u0410\\u0430]","B":"[\\u0411\\u0431]","V":"[\\u0412\\u0432]","G":"[\\u0413\\u0433]","D":"[\\u0414\\u0434]","YE":"[\\u0415\\u0435]","YO":"[\\u0401\\u0451]","ZH":"[\\u0416\\u0436]","Z":"[\\u0417\\u0437]","EE":"[\\u0418\\u0438]","YI":"[\\u0419\\u0439]","K":"[\\u041A\\u043A]","L":"[\\u041B\\u043B]","M":"[\\u041C\\u043c]","P":"[\\u041F\\u043F]","T":"[\\u0422\\u0442]","U":"[\\u0423\\u0443]","F":"[\\u0424\\u0444]","H":"[\\u0425\\u0445]","TS":"[\\u0426\\u0446]","CH":"[\\u0427\\u0447]","SH":"[\\u0428\\u0448\\u0429\\u0449]","I":"[\\u042B\\u044B]","E":"[\\u042D\\u044D]","YU":"[\\u042E\\u044E]","YA":"[\\u042F\\u044F]","N":"[\\u041D\\u043D]"},"researchesTests":["contentHasTOC","contentHasShortParagraphs","contentHasAssets","keywordInTitle","keywordInMetaDescription","keywordInPermalink","keywordIn10Percent","keywordInContent","keywordInSubheadings","keywordInImageAlt","keywordDensity","keywordNotUsed","lengthContent","lengthPermalink","linksHasInternal","linksHasExternals","linksNotAllExternals","titleStartWithKeyword","titleSentiment","titleHasPowerWords","titleHasNumber","hasContentAI"],"hasRedirection":true,"hasBreadcrumb":false},"homeUrl":"https:\/\/betoonelement.ee\/ru\/","objectID":467,"objectType":"post","locale":"ru","localeFull":"ru_RU","overlayImages":{"play":{"name":"Play \u0438\u043a\u043e\u043d\u043a\u0430","url":"https:\/\/betoonelement.ee\/wp-content\/plugins\/seo-by-rank-math\/assets\/admin\/img\/icon-play.png","path":"\/data01\/virt90956\/domeenid\/www.betoonelement.ee\/htdocs\/wp-content\/plugins\/seo-by-rank-math\/assets\/admin\/img\/icon-play.png","position":"middle_center"},"gif":{"name":"GIF \u0438\u043a\u043e\u043d\u043a\u0430","url":"https:\/\/betoonelement.ee\/wp-content\/plugins\/seo-by-rank-math\/assets\/admin\/img\/icon-gif.png","path":"\/data01\/virt90956\/domeenid\/www.betoonelement.ee\/htdocs\/wp-content\/plugins\/seo-by-rank-math\/assets\/admin\/img\/icon-gif.png","position":"middle_center"}},"defautOgImage":"https:\/\/betoonelement.ee\/wp-content\/plugins\/seo-by-rank-math\/assets\/admin\/img\/social-placeholder.jpg","customPermalinks":true,"isUserRegistered":false,"autoSuggestKeywords":false,"connectSiteUrl":"https:\/\/rankmath.com\/auth?site=https%3A%2F%2Fbetoonelement.ee%2Fru%2F&r=https%3A%2F%2Fbetoonelement.ee%2Fru%2Fwp-json%2Fwp%2Fv2%2Fpages%2F467%3Fnonce%3Df9bb9933f9","maxTags":5,"trendsIcon":"<svg viewBox=\"0 0 610 610\"><path d=\"M18.85,446,174.32,290.48l58.08,58.08L76.93,504a14.54,14.54,0,0,1-20.55,0L18.83,466.48a14.54,14.54,0,0,1,0-20.55Z\" style=\"fill:#4285f4\"\/><path d=\"M242.65,242.66,377.59,377.6l-47.75,47.75a14.54,14.54,0,0,1-20.55,0L174.37,290.43l47.75-47.75A14.52,14.52,0,0,1,242.65,242.66Z\" style=\"fill:#ea4335\"\/><polygon points=\"319.53 319.53 479.26 159.8 537.34 217.88 377.61 377.62 319.53 319.53\" style=\"fill:#fabb05\"\/><path d=\"M594.26,262.73V118.61h0a16.94,16.94,0,0,0-16.94-16.94H433.2a16.94,16.94,0,0,0-12,28.92L565.34,274.71h0a16.94,16.94,0,0,0,28.92-12Z\" style=\"fill:#34a853\"\/><rect width=\"610\" height=\"610\" style=\"fill:none\"\/><\/svg>","showScore":true,"siteFavIcon":"https:\/\/betoonelement.ee\/wp-content\/uploads\/2018\/08\/EBE-favicon.png","canUser":{"general":false,"advanced":false,"snippet":false,"social":false,"analysis":false,"analytics":false,"content_ai":false},"isPro":false,"is_front_page":false,"trendsUpgradeLink":"https:\/\/rankmath.com\/pricing\/?utm_source=Plugin&utm_medium=CE%20General%20Tab%20Trends&utm_campaign=WP","trendsUpgradeLabel":"\u0410\u043f\u0433\u0440\u0435\u0439\u0434","trendsPreviewImage":"https:\/\/betoonelement.ee\/wp-content\/plugins\/seo-by-rank-math\/assets\/admin\/img\/trends-preview.jpg","currentEditor":false,"homepageData":{"assessor":{"powerWords":[],"diacritics":true,"researchesTests":["contentHasTOC","contentHasShortParagraphs","contentHasAssets","keywordInTitle","keywordInMetaDescription","keywordInPermalink","keywordIn10Percent","keywordInContent","keywordInSubheadings","keywordInImageAlt","keywordDensity","keywordNotUsed","lengthContent","lengthPermalink","linksHasInternal","linksHasExternals","linksNotAllExternals","titleStartWithKeyword","titleSentiment","titleHasPowerWords","titleHasNumber","hasContentAI"],"hasBreadcrumb":false,"serpData":{"title":"%sitename% %page% %sep% %sitedesc%","description":"","titleTemplate":"%sitename% %page% %sep% %sitedesc%","descriptionTemplate":"","focusKeywords":"","breadcrumbTitle":"Home","robots":{"index":true},"advancedRobots":{"max-snippet":"-1","max-video-preview":"-1","max-image-preview":"large"},"facebookTitle":"","facebookDescription":"","facebookImage":"","facebookImageID":""}}},"tocTitle":"Table of Contents","tocExcludeHeadings":[],"listStyle":"ul"},"_links":{"self":[{"href":"https:\/\/betoonelement.ee\/ru\/wp-json\/wp\/v2\/pages\/467","targetHints":{"allow":["GET"]}}],"collection":[{"href":"https:\/\/betoonelement.ee\/ru\/wp-json\/wp\/v2\/pages"}],"about":[{"href":"https:\/\/betoonelement.ee\/ru\/wp-json\/wp\/v2\/types\/page"}],"author":[{"embeddable":true,"href":"https:\/\/betoonelement.ee\/ru\/wp-json\/wp\/v2\/users\/8"}],"replies":[{"embeddable":true,"href":"https:\/\/betoonelement.ee\/ru\/wp-json\/wp\/v2\/comments?post=467"}],"version-history":[{"count":19,"href":"https:\/\/betoonelement.ee\/ru\/wp-json\/wp\/v2\/pages\/467\/revisions"}],"predecessor-version":[{"id":18353,"href":"https:\/\/betoonelement.ee\/ru\/wp-json\/wp\/v2\/pages\/467\/revisions\/18353"}],"wp:featuredmedia":[{"embeddable":true,"href":"https:\/\/betoonelement.ee\/ru\/wp-json\/wp\/v2\/media\/9368"}],"wp:attachment":[{"href":"https:\/\/betoonelement.ee\/ru\/wp-json\/wp\/v2\/media?parent=467"}],"curies":[{"name":"wp","href":"https:\/\/api.w.org\/{rel}","templated":true}]}}