{"id":11311,"date":"2018-11-13T15:37:01","date_gmt":"2018-11-13T13:37:01","guid":{"rendered":"https:\/\/betoonelement.ee\/?page_id=11311"},"modified":"2022-06-03T16:38:18","modified_gmt":"2022-06-03T14:38:18","slug":"kasutus-ja-privaatsuspoliitika","status":"publish","type":"page","link":"https:\/\/betoonelement.ee\/ru\/kasutus-ja-privaatsuspoliitika\/","title":{"rendered":"\u0423\u0441\u043b\u043e\u0432\u0438\u044f \u0438\u0441\u043f\u043e\u043b\u044c\u0437\u043e\u0432\u0430\u043d\u0438\u044f \u0438 \u043f\u043e\u043b\u0438\u0442\u0438\u043a\u0430 \u043a\u043e\u043d\u0444\u0438\u0434\u0435\u043d\u0446\u0438\u0430\u043b\u044c\u043d\u043e\u0441\u0442\u0438"},"content":{"rendered":"<p>Kasutus-, privaatsuspoliitika ja k\u00fcpsiste kasutamine&nbsp;<a href=\"https:\/\/betoonelement.ee\/ru\/\">https:\/\/betoonelement.ee<\/a><\/p>\n\n\n\n<p>Kehtiv alates 04.04.2022<\/p>\n\n\n\n<p><strong>1.<\/strong> <strong>O\u00dc E-Betoonelement isikuandmete t\u00f6\u00f6tlemise protsess<\/strong><\/p>\n\n\n\n<p>O\u00dc E-Betoonelement t\u00f6\u00f6tleb j\u00e4rgmisi kliendi andmeid: Ees- ja perekonnanimi, telefoninumber, e-maili aadress. Isikuga seotud personaalse p\u00e4ringu informatsiooni ja kuup\u00e4eva.<\/p>\n\n\n\n<p><strong>2. Kliendi isikuandmete (andmete) t\u00f6\u00f6tlemise eesm\u00e4rgid<\/strong><\/p>\n\n\n\n<p>O\u00dc E-Betoonelement t\u00f6\u00f6tleb punktis 1 kirjeldatud kliendi isikuandmeid j\u00e4rgmistel eesm\u00e4rkidel:<\/p>\n\n\n\n<p>1. O\u00dc E-Betoonelement kliendibaasi loomine ja selle haldamine;<br>2. kliendile uute teenuste pakkumine;<br>3. O\u00dc E-Betoonelement teenuste anal\u00fc\u00fcsimine ja t\u00e4iustamine;<br>4. veebilehe haldamine;<br>5. \u00f5igusaktidest tulenevate n\u00f5uete t\u00e4itmine;<br>6. kliendi p\u00e4ringutele vastamine;<\/p>\n\n\n\n<p><strong>3. Isikuandmete (andmete) kasutamine ja s\u00e4ilitamine<\/strong><\/p>\n\n\n\n<p>O\u00dc E-Betoonelement ei jaga kliendi isikuandmeid (andmeid) kolmandatele osapooltele. K\u00f5iki andmeid kasutatakse ainult suhtlemiseks ja parema toote v\u00f5i teenuse pakkumise eesm\u00e4rgil. O\u00dc E-Betoonelement v\u00f5ib saata klientidele informatsiooni oma teenuste, toodete, uudiskirjade ja pakkumiste kohta, kui klient on meile ise andnud oma kontaktandmed, kuid seda niikaua, kui klient pole palunud viimaste tegevuste l\u00f5petamist v\u00f5i lahkunud uudiskirja saajate grupist.<\/p>\n\n\n\n<p>Andmeid s\u00e4ilitatakse hetkeni, kuni klient avaldab soovi meie kliendilistist lahkumiseks.<br>Kui tekib antud teema kohta k\u00fcsimusi, siis palun v\u00f5ta meiega \u00fchendust&nbsp;<a href=\"mailto:ebe@betoonelement.ee\">ebe@betoonelement.ee<\/a><\/p>\n\n\n\n<p>O\u00dc E-Betoonelement on rakendanud vajalikke tehnilisi, f\u00fc\u00fcsilisi ja korralduslikke turvameetmeid kliendi isikuandmete (andmete) kaitsmiseks kadumise ja ebaseadusliku t\u00f6\u00f6tlemise eest.<\/p>\n\n\n\n<p><strong>4. K\u00fcpsised<\/strong><\/p>\n\n\n\n<p>O\u00dc E-Betoonelement veebilehel nimega betoonelement.ee kasutatakse k\u00fcpsiseid. K\u00fcpsis on v\u00e4ike tekstifail, mille veebilehitseja automaatselt kliendi poolt kasutatavasse seadmesse salvestab. K\u00fcpsiseid kasutatakse teabe kogumiseks selle kohta, kuidas klient veebilehte kasutab, et kliendi jaoks veebilehe kasutamist isiklikumaks ja kasutajas\u00f5bralikumaks muuta.<\/p>\n\n\n\n<p><a href=\"https:\/\/betoonelement.ee\/ru\/\">https:\/\/betoonelement.ee<\/a>&nbsp;kasutab oma veebilehel j\u00e4rgmisi k\u00fcpsiseid:<br>1. seansik\u00fcpsised, mille eesm\u00e4rk on v\u00f5imaldada teenuse kasutamist;<br>2. esimese ja\/v\u00f5i kolmanda osapoole k\u00fcpsised, mille eesm\u00e4rk on n\u00e4idata kliendile asjakohast reklaami, pakkumisi ja parandada kliendi veebilehe kasutajakogemust;<br>3. kolmanda osapoole anal\u00fc\u00fcsik\u00fcpsised, mille eesm\u00e4rk on turundussuhtluse optimeerimine. Klient v\u00f5ib oma seadmes salvestatud k\u00fcpsised blokeerida, muutes oma veebilehitseja vastavaid seadeid. K\u00fcpsiste mittekasutamisel ei pruugi veebileht korrektselt t\u00f6\u00f6tada ja\/v\u00f5i k\u00e4ttesaadavad olla.<\/p>\n\n\n\n<p><a href=\"https:\/\/betoonelement.ee\/ru\/\">https:\/\/betoonelement.ee<\/a>&nbsp;koduleht kasutab k\u00fcpsiseid, et teha sinu kasutajakogemus mugavamaks. Kasutades meie veebilehte, n\u00f5ustud k\u00fcpsiste kasutamisega nagu on kirjeldatud meie Kasutus-, privaatsuspoliitikas ja k\u00fcpsiste kasutamise juhendis.<\/p>\n\n\n\n<p><strong>5. Kliendi \u00f5igused<\/strong><\/p>\n\n\n\n<p>Kliendil on \u00f5igus p\u00e4\u00e4seda ligi O\u00dc E-Betoonelement poolt t\u00f6\u00f6deldavatele Kliendi enda isikuandmetele ja \u00f5igus n\u00f5uda ebat\u00e4psete isikuandmete parandamist.<\/p>\n\n\n\n<p>Kui Kliendil on k\u00fcsimusi oma \u00f5iguste kohta v\u00f5i on ta arvamusel, et O\u00dc E-Betoonelement on tema isikuandmete (andmete) t\u00f6\u00f6tlemisel rikkunud tema \u00f5igusi, peaks ta kindlasti \u00fchendust v\u00f5tma e-posti aadressil&nbsp;<a href=\"mailto:ebe@betoonelement.ee\">ebe@betoonelement.ee<\/a>.<\/p>\n\n\n\n<p><strong>6. Muud s\u00e4tted<\/strong><\/p>\n\n\n\n<p>O\u00dc E-Betoonelement&nbsp; v\u00f5tab \u00f5iguse Kasutus-, privaatsuspoliitikat ja k\u00fcpsiste kasutamine juhendit \u00fchepoolselt muuta. Antud juhendi uusim versioon on alati saadaval k\u00e4esoleval veebilehel.<\/p>\n\n\n\n<p>K\u00e4esolevale K\u00fcpsiste kasutamisele ja privaatsuspoliitikale kohalduvad Eesti Vabariigi seadused. Poliitikast tulenevad vaidlused v\u00f5i n\u00f5uded lahendatakse Tallinnas Harju Maakohtus.<\/p>\n\n\n\n<p><\/p>","protected":false},"excerpt":{"rendered":"<p>Kasutus-, privaatsuspoliitika ja k\u00fcpsiste kasutamine&nbsp;https:\/\/betoonelement.ee Kehtiv alates 04.04.2022 1. O\u00dc E-Betoonelement isikuandmete t\u00f6\u00f6tlemise protsess O\u00dc E-Betoonelement t\u00f6\u00f6tleb j\u00e4rgmisi kliendi andmeid: Ees- ja perekonnanimi, telefoninumber, e-maili aadress. Isikuga seotud personaalse p\u00e4ringu informatsiooni ja kuup\u00e4eva. 2. Kliendi isikuandmete (andmete) t\u00f6\u00f6tlemise eesm\u00e4rgid O\u00dc E-Betoonelement t\u00f6\u00f6tleb punktis 1 kirjeldatud kliendi isikuandmeid j\u00e4rgmistel eesm\u00e4rkidel: 1. O\u00dc E-Betoonelement kliendibaasi loomine ja [&hellip;]<\/p>","protected":false},"author":8,"featured_media":0,"parent":0,"menu_order":0,"comment_status":"closed","ping_status":"closed","template":"","meta":{"_acf_changed":false,"pgc_sgb_lightbox_settings":"","footnotes":""},"class_list":["post-11311","page","type-page","status-publish","hentry"],"acf":[],"rankMath":{"parentDomain":"betoonelement.ee","noFollowDomains":[],"noFollowExcludeDomains":[],"noFollowExternalLinks":false,"featuredImageNotice":"\u041f\u043e\u043a\u0430\u0437\u0430\u043d\u043d\u043e\u0435 \u0438\u0437\u043e\u0431\u0440\u0430\u0436\u0435\u043d\u0438\u0435 \u0434\u043e\u043b\u0436\u043d\u043e \u0431\u044b\u0442\u044c \u0440\u0430\u0437\u043c\u0435\u0440\u043e\u043c \u043d\u0435 \u043c\u0435\u043d\u0435\u0435 200 \u043d\u0430 200 \u043f\u0438\u043a\u0441\u0435\u043b\u0435\u0439, \u0447\u0442\u043e\u0431\u044b \u0435\u0433\u043e \u043c\u043e\u0433\u043b\u0438 \u0443\u0432\u0438\u0434\u0435\u0442\u044c Facebook \u0438 \u0434\u0440\u0443\u0433\u0438\u0435 \u0441\u0430\u0439\u0442\u044b \u0441\u043e\u0446\u0438\u0430\u043b\u044c\u043d\u044b\u0445 \u0441\u0435\u0442\u0435\u0439.","pluginReviewed":false,"postSettings":{"linkSuggestions":true,"useFocusKeyword":false},"frontEndScore":false,"postName":"kasutus-ja-privaatsuspoliitika","permalinkFormat":"https:\/\/betoonelement.ee\/ru\/%pagename%\/","showLockModifiedDate":true,"assessor":{"focusKeywordLink":"https:\/\/betoonelement.ee\/wp-admin\/edit.php?focus_keyword=%focus_keyword%&post_type=%post_type%","hasTOCPlugin":false,"primaryTaxonomy":false,"serpData":{"title":"","description":"","focusKeywords":"","pillarContent":false,"canonicalUrl":"","breadcrumbTitle":"","advancedRobots":{"max-snippet":"-1","max-video-preview":"-1","max-image-preview":"large"},"facebookTitle":"","facebookDescription":"","facebookImage":"","facebookImageID":"","facebookHasOverlay":false,"facebookImageOverlay":"","facebookAuthor":"","twitterCardType":"","twitterUseFacebook":true,"twitterTitle":"","twitterDescription":"","twitterImage":"","twitterImageID":"","twitterHasOverlay":false,"twitterImageOverlay":"","twitterPlayerUrl":"","twitterPlayerSize":"","twitterPlayerStream":"","twitterPlayerStreamCtype":"","twitterAppDescription":"","twitterAppIphoneName":"","twitterAppIphoneID":"","twitterAppIphoneUrl":"","twitterAppIpadName":"","twitterAppIpadID":"","twitterAppIpadUrl":"","twitterAppGoogleplayName":"","twitterAppGoogleplayID":"","twitterAppGoogleplayUrl":"","twitterAppCountry":"","robots":{"index":true},"twitterAuthor":"\u0438\u043c\u044f \u043f\u043e\u043b\u044c\u0437\u043e\u0432\u0430\u0442\u0435\u043b\u044f","primaryTerm":0,"authorName":"Mari-Liis Tenno","titleTemplate":"%title% %page% %sep% %sitename%","descriptionTemplate":"%excerpt%","showScoreFrontend":true,"lockModifiedDate":false},"powerWords":[],"diacritics":{"A":"[\\u0410\\u0430]","B":"[\\u0411\\u0431]","V":"[\\u0412\\u0432]","G":"[\\u0413\\u0433]","D":"[\\u0414\\u0434]","YE":"[\\u0415\\u0435]","YO":"[\\u0401\\u0451]","ZH":"[\\u0416\\u0436]","Z":"[\\u0417\\u0437]","EE":"[\\u0418\\u0438]","YI":"[\\u0419\\u0439]","K":"[\\u041A\\u043A]","L":"[\\u041B\\u043B]","M":"[\\u041C\\u043c]","P":"[\\u041F\\u043F]","T":"[\\u0422\\u0442]","U":"[\\u0423\\u0443]","F":"[\\u0424\\u0444]","H":"[\\u0425\\u0445]","TS":"[\\u0426\\u0446]","CH":"[\\u0427\\u0447]","SH":"[\\u0428\\u0448\\u0429\\u0449]","I":"[\\u042B\\u044B]","E":"[\\u042D\\u044D]","YU":"[\\u042E\\u044E]","YA":"[\\u042F\\u044F]","N":"[\\u041D\\u043D]"},"researchesTests":["contentHasTOC","contentHasShortParagraphs","contentHasAssets","keywordInTitle","keywordInMetaDescription","keywordInPermalink","keywordIn10Percent","keywordInContent","keywordInSubheadings","keywordInImageAlt","keywordDensity","keywordNotUsed","lengthContent","lengthPermalink","linksHasInternal","linksHasExternals","linksNotAllExternals","titleStartWithKeyword","titleSentiment","titleHasPowerWords","titleHasNumber","hasContentAI"],"hasRedirection":true,"hasBreadcrumb":false},"homeUrl":"https:\/\/betoonelement.ee\/ru\/","objectID":11311,"objectType":"post","locale":"ru","localeFull":"ru_RU","overlayImages":{"play":{"name":"Play \u0438\u043a\u043e\u043d\u043a\u0430","url":"https:\/\/betoonelement.ee\/wp-content\/plugins\/seo-by-rank-math\/assets\/admin\/img\/icon-play.png","path":"\/data01\/virt90956\/domeenid\/www.betoonelement.ee\/htdocs\/wp-content\/plugins\/seo-by-rank-math\/assets\/admin\/img\/icon-play.png","position":"middle_center"},"gif":{"name":"GIF \u0438\u043a\u043e\u043d\u043a\u0430","url":"https:\/\/betoonelement.ee\/wp-content\/plugins\/seo-by-rank-math\/assets\/admin\/img\/icon-gif.png","path":"\/data01\/virt90956\/domeenid\/www.betoonelement.ee\/htdocs\/wp-content\/plugins\/seo-by-rank-math\/assets\/admin\/img\/icon-gif.png","position":"middle_center"}},"defautOgImage":"https:\/\/betoonelement.ee\/wp-content\/plugins\/seo-by-rank-math\/assets\/admin\/img\/social-placeholder.jpg","customPermalinks":true,"isUserRegistered":false,"autoSuggestKeywords":false,"connectSiteUrl":"https:\/\/rankmath.com\/auth?site=https%3A%2F%2Fbetoonelement.ee%2Fru%2F&r=https%3A%2F%2Fbetoonelement.ee%2Fru%2Fwp-json%2Fwp%2Fv2%2Fpages%2F11311%3Fnonce%3Df9bb9933f9","maxTags":5,"trendsIcon":"<svg viewBox=\"0 0 610 610\"><path d=\"M18.85,446,174.32,290.48l58.08,58.08L76.93,504a14.54,14.54,0,0,1-20.55,0L18.83,466.48a14.54,14.54,0,0,1,0-20.55Z\" style=\"fill:#4285f4\"\/><path d=\"M242.65,242.66,377.59,377.6l-47.75,47.75a14.54,14.54,0,0,1-20.55,0L174.37,290.43l47.75-47.75A14.52,14.52,0,0,1,242.65,242.66Z\" style=\"fill:#ea4335\"\/><polygon points=\"319.53 319.53 479.26 159.8 537.34 217.88 377.61 377.62 319.53 319.53\" style=\"fill:#fabb05\"\/><path d=\"M594.26,262.73V118.61h0a16.94,16.94,0,0,0-16.94-16.94H433.2a16.94,16.94,0,0,0-12,28.92L565.34,274.71h0a16.94,16.94,0,0,0,28.92-12Z\" style=\"fill:#34a853\"\/><rect width=\"610\" height=\"610\" style=\"fill:none\"\/><\/svg>","showScore":true,"siteFavIcon":"https:\/\/betoonelement.ee\/wp-content\/uploads\/2018\/08\/EBE-favicon.png","canUser":{"general":false,"advanced":false,"snippet":false,"social":false,"analysis":false,"analytics":false,"content_ai":false},"isPro":false,"is_front_page":false,"trendsUpgradeLink":"https:\/\/rankmath.com\/pricing\/?utm_source=Plugin&utm_medium=CE%20General%20Tab%20Trends&utm_campaign=WP","trendsUpgradeLabel":"\u0410\u043f\u0433\u0440\u0435\u0439\u0434","trendsPreviewImage":"https:\/\/betoonelement.ee\/wp-content\/plugins\/seo-by-rank-math\/assets\/admin\/img\/trends-preview.jpg","currentEditor":false,"homepageData":{"assessor":{"powerWords":[],"diacritics":true,"researchesTests":["contentHasTOC","contentHasShortParagraphs","contentHasAssets","keywordInTitle","keywordInMetaDescription","keywordInPermalink","keywordIn10Percent","keywordInContent","keywordInSubheadings","keywordInImageAlt","keywordDensity","keywordNotUsed","lengthContent","lengthPermalink","linksHasInternal","linksHasExternals","linksNotAllExternals","titleStartWithKeyword","titleSentiment","titleHasPowerWords","titleHasNumber","hasContentAI"],"hasBreadcrumb":false,"serpData":{"title":"%sitename% %page% %sep% %sitedesc%","description":"","titleTemplate":"%sitename% %page% %sep% %sitedesc%","descriptionTemplate":"","focusKeywords":"","breadcrumbTitle":"Home","robots":{"index":true},"advancedRobots":{"max-snippet":"-1","max-video-preview":"-1","max-image-preview":"large"},"facebookTitle":"","facebookDescription":"","facebookImage":"","facebookImageID":""}}},"tocTitle":"Table of Contents","tocExcludeHeadings":[],"listStyle":"ul"},"_links":{"self":[{"href":"https:\/\/betoonelement.ee\/ru\/wp-json\/wp\/v2\/pages\/11311","targetHints":{"allow":["GET"]}}],"collection":[{"href":"https:\/\/betoonelement.ee\/ru\/wp-json\/wp\/v2\/pages"}],"about":[{"href":"https:\/\/betoonelement.ee\/ru\/wp-json\/wp\/v2\/types\/page"}],"author":[{"embeddable":true,"href":"https:\/\/betoonelement.ee\/ru\/wp-json\/wp\/v2\/users\/8"}],"replies":[{"embeddable":true,"href":"https:\/\/betoonelement.ee\/ru\/wp-json\/wp\/v2\/comments?post=11311"}],"version-history":[{"count":9,"href":"https:\/\/betoonelement.ee\/ru\/wp-json\/wp\/v2\/pages\/11311\/revisions"}],"predecessor-version":[{"id":17798,"href":"https:\/\/betoonelement.ee\/ru\/wp-json\/wp\/v2\/pages\/11311\/revisions\/17798"}],"wp:attachment":[{"href":"https:\/\/betoonelement.ee\/ru\/wp-json\/wp\/v2\/media?parent=11311"}],"curies":[{"name":"wp","href":"https:\/\/api.w.org\/{rel}","templated":true}]}}